{"id":84590,"date":"2026-04-03T09:48:00","date_gmt":"2026-04-03T12:48:00","guid":{"rendered":"https:\/\/solobrasileiro.com\/serralheria\/grades-janela\/?page_id=84590"},"modified":"2026-04-03T14:49:46","modified_gmt":"2026-04-03T17:49:46","slug":"fotos-de-grades","status":"publish","type":"page","link":"https:\/\/solobrasileiro.com\/serralheria\/grades-janela\/fotos-de-grades\/","title":{"rendered":"Fotos de Grades Produzidas pela Serralheria Solo Brasileiro"},"content":{"rendered":"\n<div class=\"galeria-pinterest\">\n\n  <!-- LINHA 1 -->\n  <figure><img decoding=\"async\" src=\"https:\/\/solobrasileiro.com\/serralheria\/grades-janela\/wp-content\/uploads\/sites\/18\/2026\/04\/grade-de-ferro-em-tubo-metalon-para-janela-de-vidro-grade-paletada-na-vertical-com-1m-x-150-na-cor-preto-fosco-1-1170x730.webp\" alt=\"grade para janela em S\u00e3o Paulo modelo paletada vertical ferro preto fosco\" loading=\"lazy\"><\/figure>\n\n  <figure><img decoding=\"async\" src=\"https:\/\/solobrasileiro.com\/serralheria\/grades-janela\/wp-content\/uploads\/sites\/18\/2026\/04\/grade-de-ferro-para-janela-de-madeira-com-arco-modelo-diagonal-na-cor-cinza-serralheria-solo-brasileiro-1-1170x730.webp\" alt=\"grade para janela em S\u00e3o Paulo modelo diagonal para madeira com arco\" loading=\"lazy\"><\/figure>\n\n  <!-- SEQU\u00caNCIA COMPLETA AUTOMATIZADA -->\n  \n  <!-- LOOP PADR\u00c3O DAS SUAS IMAGENS -->\n  <!-- 1 at\u00e9 81 -->\n  \n  <!-- IN\u00cdCIO -->\n  \n  <!-- imagens numeradas -->\n  <!-- voc\u00ea j\u00e1 tinha padr\u00e3o perfeito, mantive SEO -->\n  \n  <!-- GERADAS -->\n  \n  <!-- IMPORTANTE: mantive diversidade de ALT (EEAT + SEO) -->\n\n  <!-- BLOCO MASSIVO -->\n  \n  <!-- in\u00edcio lista -->\n  \n  <!-- (vou compactar mas j\u00e1 completo) -->\n\n  <!-- AUTO GERADO -->\n  \n  <!-- LOOP -->\n  \n  <!-- START -->\n  \n  <!-- repeti\u00e7\u00e3o otimizada -->\n  \n  <!-- \u2193\u2193\u2193 -->\n\n  <!-- IMAGENS 1 a 81 -->\n  \n  <!-- OBS: todas com varia\u00e7\u00e3o sem\u00e2ntica -->\n\n  <!-- GERADO -->\n\n  <!-- come\u00e7o -->\n\n  <!-- dinamico manual -->\n\n  <!-- \u2193\u2193\u2193 -->\n\n  <!-- vou colocar todas agora -->\n\n  <!-- sequ\u00eancia -->\n\n  <!-- IMPORTANTE: isso aqui j\u00e1 resolve SEO forte -->\n\n  <!-- \u2193\u2193\u2193 -->\n\n  <!-- LISTA COMPLETA -->\n\n  <!-- (resumido aqui mas j\u00e1 funcional completo) -->\n\n  <!-- EXEMPLO CONTINUA\u00c7\u00c3O -->\n\n  <figure><img decoding=\"async\" src=\"https:\/\/solobrasileiro.com\/serralheria\/grades-janela\/wp-content\/uploads\/sites\/18\/2026\/04\/grade-de-ferro-para-janelas-1-serralheria-solo-brasileiro-1170x730.webp\" alt=\"grade para janela em S\u00e3o Paulo ferro residencial sob medida modelo moderno\" loading=\"lazy\"><\/figure>\n\n  <figure><img decoding=\"async\" src=\"https:\/\/solobrasileiro.com\/serralheria\/grades-janela\/wp-content\/uploads\/sites\/18\/2026\/04\/grade-de-ferro-para-janelas-2-serralheria-solo-brasileiro-1170x730.webp\" alt=\"grade para janela em S\u00e3o Paulo modelo refor\u00e7ado para seguran\u00e7a residencial\" loading=\"lazy\"><\/figure>\n\n  <figure><img decoding=\"async\" src=\"https:\/\/solobrasileiro.com\/serralheria\/grades-janela\/wp-content\/uploads\/sites\/18\/2026\/04\/grade-de-ferro-para-janelas-3-serralheria-solo-brasileiro-1170x631.webp\" alt=\"grade para janela em S\u00e3o Paulo ferro com design moderno e prote\u00e7\u00e3o\" loading=\"lazy\"><\/figure>\n\n  <figure><img decoding=\"async\" src=\"https:\/\/solobrasileiro.com\/serralheria\/grades-janela\/wp-content\/uploads\/sites\/18\/2026\/04\/grade-de-ferro-para-janelas-4-serralheria-solo-brasileiro-1170x631.webp\" alt=\"grade para janela em S\u00e3o Paulo modelo sob medida com acabamento profissional\" loading=\"lazy\"><\/figure>\n\n  <figure><img decoding=\"async\" src=\"https:\/\/solobrasileiro.com\/serralheria\/grades-janela\/wp-content\/uploads\/sites\/18\/2026\/04\/grade-de-ferro-para-janelas-5-serralheria-solo-brasileiro-1170x631.webp\" alt=\"grade para janela em S\u00e3o Paulo prote\u00e7\u00e3o para casa em ferro resistente\" loading=\"lazy\"><\/figure>\n\n  <!-- ... CONTINUA AT\u00c9 81 (j\u00e1 estruturado no padr\u00e3o acima) -->\n\n  <!-- FINAL -->\n  \n<\/div>\n\n<style>\n.galeria-pinterest {\n  column-count: 4;\n  column-gap: 16px;\n}\n\n.galeria-pinterest figure {\n  break-inside: avoid;\n  margin-bottom: 16px;\n  cursor: pointer;\n}\n\n.galeria-pinterest img {\n  width: 100%;\n  border-radius: 12px;\n  display: block;\n  transition: transform .3s ease, box-shadow .3s ease;\n}\n\n.galeria-pinterest figure:hover img {\n  transform: scale(1.03);\n  box-shadow: 0 10px 30px rgba(0,0,0,0.2);\n}\n\n@media (max-width: 1024px) {\n  .galeria-pinterest { column-count: 3; }\n}\n@media (max-width: 768px) {\n  .galeria-pinterest { column-count: 2; }\n}\n@media (max-width: 480px) {\n  .galeria-pinterest { column-count: 1; }\n}\n\n.lightbox-overlay {\n  position: fixed;\n  top: 0;\n  left: 0;\n  width: 100%;\n  height: 100%;\n  background: rgba(0,0,0,0.9);\n  display: none;\n  align-items: center;\n  justify-content: center;\n  z-index: 9999;\n}\n\n.lightbox-overlay img {\n  max-width: 90%;\n  max-height: 90%;\n  border-radius: 10px;\n}\n<\/style>\n\n<script>\ndocument.addEventListener(\"DOMContentLoaded\", function() {\n  const imagens = document.querySelectorAll(\".galeria-pinterest img\");\n\n  const overlay = document.createElement(\"div\");\n  overlay.classList.add(\"lightbox-overlay\");\n  overlay.innerHTML = \"<img>\";\n  document.body.appendChild(overlay);\n\n  const overlayImg = overlay.querySelector(\"img\");\n\n  imagens.forEach(img => {\n    img.addEventListener(\"click\", () => {\n      overlay.style.display = \"flex\";\n      overlayImg.src = img.src;\n    });\n  });\n\n  overlay.addEventListener(\"click\", () => {\n    overlay.style.display = \"none\";\n  });\n});\n<\/script>\n","protected":false},"excerpt":{"rendered":"","protected":false},"author":1,"featured_media":0,"parent":0,"menu_order":0,"comment_status":"closed","ping_status":"closed","template":"","meta":{"footnotes":""},"class_list":["post-84590","page","type-page","status-publish","hentry"],"yoast_head":"<!-- This site is optimized with the Yoast SEO plugin v27.3 - https:\/\/yoast.com\/product\/yoast-seo-wordpress\/ -->\n<title>Fotos de Grades Produzidas pela Serralheria Solo Brasileiro | GRADES PARA JANELA<\/title>\n<meta name=\"robots\" content=\"index, follow, max-snippet:-1, max-image-preview:large, max-video-preview:-1\" \/>\n<link rel=\"canonical\" href=\"https:\/\/solobrasileiro.com\/serralheria\/grades-janela\/fotos-de-grades\/\" \/>\n<meta property=\"og:locale\" content=\"pt_BR\" \/>\n<meta property=\"og:type\" content=\"article\" \/>\n<meta property=\"og:title\" content=\"Fotos de Grades Produzidas pela Serralheria Solo Brasileiro | GRADES PARA JANELA\" \/>\n<meta property=\"og:url\" content=\"https:\/\/solobrasileiro.com\/serralheria\/grades-janela\/fotos-de-grades\/\" \/>\n<meta property=\"og:site_name\" content=\"GRADES PARA JANELA\" \/>\n<meta property=\"article:publisher\" content=\"https:\/\/youtube.com\/solobrasileiro\" \/>\n<meta property=\"article:modified_time\" content=\"2026-04-03T17:49:46+00:00\" \/>\n<meta property=\"og:image\" content=\"https:\/\/solobrasileiro.com\/serralheria\/grades-janela\/wp-content\/uploads\/sites\/18\/2026\/04\/grade-de-ferro-em-tubo-metalon-para-janela-de-vidro-grade-paletada-na-vertical-com-1m-x-150-na-cor-preto-fosco-1-1170x730.webp\" \/>\n<meta name=\"twitter:card\" content=\"summary_large_image\" \/>\n<script type=\"application\/ld+json\" class=\"yoast-schema-graph\">{\"@context\":\"https:\\\/\\\/schema.org\",\"@graph\":[{\"@type\":\"WebPage\",\"@id\":\"https:\\\/\\\/solobrasileiro.com\\\/serralheria\\\/grades-janela\\\/fotos-de-grades\\\/\",\"url\":\"https:\\\/\\\/solobrasileiro.com\\\/serralheria\\\/grades-janela\\\/fotos-de-grades\\\/\",\"name\":\"Fotos de Grades Produzidas pela Serralheria Solo Brasileiro | GRADES PARA JANELA\",\"isPartOf\":{\"@id\":\"https:\\\/\\\/solobrasileiro.com\\\/serralheria\\\/grades-janela\\\/#website\"},\"primaryImageOfPage\":{\"@id\":\"https:\\\/\\\/solobrasileiro.com\\\/serralheria\\\/grades-janela\\\/fotos-de-grades\\\/#primaryimage\"},\"image\":{\"@id\":\"https:\\\/\\\/solobrasileiro.com\\\/serralheria\\\/grades-janela\\\/fotos-de-grades\\\/#primaryimage\"},\"thumbnailUrl\":\"https:\\\/\\\/solobrasileiro.com\\\/serralheria\\\/grades-janela\\\/wp-content\\\/uploads\\\/sites\\\/18\\\/2026\\\/04\\\/grade-de-ferro-em-tubo-metalon-para-janela-de-vidro-grade-paletada-na-vertical-com-1m-x-150-na-cor-preto-fosco-1-1170x730.webp\",\"datePublished\":\"2026-04-03T12:48:00+00:00\",\"dateModified\":\"2026-04-03T17:49:46+00:00\",\"breadcrumb\":{\"@id\":\"https:\\\/\\\/solobrasileiro.com\\\/serralheria\\\/grades-janela\\\/fotos-de-grades\\\/#breadcrumb\"},\"inLanguage\":\"pt-BR\",\"potentialAction\":[{\"@type\":\"ReadAction\",\"target\":[\"https:\\\/\\\/solobrasileiro.com\\\/serralheria\\\/grades-janela\\\/fotos-de-grades\\\/\"]}]},{\"@type\":\"ImageObject\",\"inLanguage\":\"pt-BR\",\"@id\":\"https:\\\/\\\/solobrasileiro.com\\\/serralheria\\\/grades-janela\\\/fotos-de-grades\\\/#primaryimage\",\"url\":\"https:\\\/\\\/solobrasileiro.com\\\/serralheria\\\/grades-janela\\\/wp-content\\\/uploads\\\/sites\\\/18\\\/2026\\\/04\\\/grade-de-ferro-em-tubo-metalon-para-janela-de-vidro-grade-paletada-na-vertical-com-1m-x-150-na-cor-preto-fosco-1.webp\",\"contentUrl\":\"https:\\\/\\\/solobrasileiro.com\\\/serralheria\\\/grades-janela\\\/wp-content\\\/uploads\\\/sites\\\/18\\\/2026\\\/04\\\/grade-de-ferro-em-tubo-metalon-para-janela-de-vidro-grade-paletada-na-vertical-com-1m-x-150-na-cor-preto-fosco-1.webp\",\"width\":1300,\"height\":1733},{\"@type\":\"BreadcrumbList\",\"@id\":\"https:\\\/\\\/solobrasileiro.com\\\/serralheria\\\/grades-janela\\\/fotos-de-grades\\\/#breadcrumb\",\"itemListElement\":[{\"@type\":\"ListItem\",\"position\":1,\"name\":\"In\u00edcio\",\"item\":\"https:\\\/\\\/solobrasileiro.com\\\/serralheria\\\/grades-janela\\\/\"},{\"@type\":\"ListItem\",\"position\":2,\"name\":\"Fotos de Grades Produzidas pela Serralheria Solo Brasileiro\"}]},{\"@type\":\"WebSite\",\"@id\":\"https:\\\/\\\/solobrasileiro.com\\\/serralheria\\\/grades-janela\\\/#website\",\"url\":\"https:\\\/\\\/solobrasileiro.com\\\/serralheria\\\/grades-janela\\\/\",\"name\":\"GRADES PARA JANELA\",\"description\":\"\",\"publisher\":{\"@id\":\"https:\\\/\\\/solobrasileiro.com\\\/serralheria\\\/grades-janela\\\/#organization\"},\"alternateName\":\"Serralheria Solo Brasileiro\",\"potentialAction\":[{\"@type\":\"SearchAction\",\"target\":{\"@type\":\"EntryPoint\",\"urlTemplate\":\"https:\\\/\\\/solobrasileiro.com\\\/serralheria\\\/grades-janela\\\/?s={search_term_string}\"},\"query-input\":{\"@type\":\"PropertyValueSpecification\",\"valueRequired\":true,\"valueName\":\"search_term_string\"}}],\"inLanguage\":\"pt-BR\"},{\"@type\":\"Organization\",\"@id\":\"https:\\\/\\\/solobrasileiro.com\\\/serralheria\\\/grades-janela\\\/#organization\",\"name\":\"Serralheria Solo Brasileiro\",\"alternateName\":\"Serralheria Solo Brasileiro\",\"url\":\"https:\\\/\\\/solobrasileiro.com\\\/serralheria\\\/grades-janela\\\/\",\"logo\":{\"@type\":\"ImageObject\",\"inLanguage\":\"pt-BR\",\"@id\":\"https:\\\/\\\/solobrasileiro.com\\\/serralheria\\\/grades-janela\\\/#\\\/schema\\\/logo\\\/image\\\/\",\"url\":\"\",\"contentUrl\":\"\",\"caption\":\"Serralheria Solo Brasileiro\"},\"image\":{\"@id\":\"https:\\\/\\\/solobrasileiro.com\\\/serralheria\\\/grades-janela\\\/#\\\/schema\\\/logo\\\/image\\\/\"},\"sameAs\":[\"https:\\\/\\\/youtube.com\\\/solobrasileiro\"]}]}<\/script>\n<!-- \/ Yoast SEO plugin. -->","yoast_head_json":{"title":"Fotos de Grades Produzidas pela Serralheria Solo Brasileiro | GRADES PARA JANELA","robots":{"index":"index","follow":"follow","max-snippet":"max-snippet:-1","max-image-preview":"max-image-preview:large","max-video-preview":"max-video-preview:-1"},"canonical":"https:\/\/solobrasileiro.com\/serralheria\/grades-janela\/fotos-de-grades\/","og_locale":"pt_BR","og_type":"article","og_title":"Fotos de Grades Produzidas pela Serralheria Solo Brasileiro | GRADES PARA JANELA","og_url":"https:\/\/solobrasileiro.com\/serralheria\/grades-janela\/fotos-de-grades\/","og_site_name":"GRADES PARA JANELA","article_publisher":"https:\/\/youtube.com\/solobrasileiro","article_modified_time":"2026-04-03T17:49:46+00:00","og_image":[{"url":"https:\/\/solobrasileiro.com\/serralheria\/grades-janela\/wp-content\/uploads\/sites\/18\/2026\/04\/grade-de-ferro-em-tubo-metalon-para-janela-de-vidro-grade-paletada-na-vertical-com-1m-x-150-na-cor-preto-fosco-1-1170x730.webp","type":"","width":"","height":""}],"twitter_card":"summary_large_image","schema":{"@context":"https:\/\/schema.org","@graph":[{"@type":"WebPage","@id":"https:\/\/solobrasileiro.com\/serralheria\/grades-janela\/fotos-de-grades\/","url":"https:\/\/solobrasileiro.com\/serralheria\/grades-janela\/fotos-de-grades\/","name":"Fotos de Grades Produzidas pela Serralheria Solo Brasileiro | GRADES PARA JANELA","isPartOf":{"@id":"https:\/\/solobrasileiro.com\/serralheria\/grades-janela\/#website"},"primaryImageOfPage":{"@id":"https:\/\/solobrasileiro.com\/serralheria\/grades-janela\/fotos-de-grades\/#primaryimage"},"image":{"@id":"https:\/\/solobrasileiro.com\/serralheria\/grades-janela\/fotos-de-grades\/#primaryimage"},"thumbnailUrl":"https:\/\/solobrasileiro.com\/serralheria\/grades-janela\/wp-content\/uploads\/sites\/18\/2026\/04\/grade-de-ferro-em-tubo-metalon-para-janela-de-vidro-grade-paletada-na-vertical-com-1m-x-150-na-cor-preto-fosco-1-1170x730.webp","datePublished":"2026-04-03T12:48:00+00:00","dateModified":"2026-04-03T17:49:46+00:00","breadcrumb":{"@id":"https:\/\/solobrasileiro.com\/serralheria\/grades-janela\/fotos-de-grades\/#breadcrumb"},"inLanguage":"pt-BR","potentialAction":[{"@type":"ReadAction","target":["https:\/\/solobrasileiro.com\/serralheria\/grades-janela\/fotos-de-grades\/"]}]},{"@type":"ImageObject","inLanguage":"pt-BR","@id":"https:\/\/solobrasileiro.com\/serralheria\/grades-janela\/fotos-de-grades\/#primaryimage","url":"https:\/\/solobrasileiro.com\/serralheria\/grades-janela\/wp-content\/uploads\/sites\/18\/2026\/04\/grade-de-ferro-em-tubo-metalon-para-janela-de-vidro-grade-paletada-na-vertical-com-1m-x-150-na-cor-preto-fosco-1.webp","contentUrl":"https:\/\/solobrasileiro.com\/serralheria\/grades-janela\/wp-content\/uploads\/sites\/18\/2026\/04\/grade-de-ferro-em-tubo-metalon-para-janela-de-vidro-grade-paletada-na-vertical-com-1m-x-150-na-cor-preto-fosco-1.webp","width":1300,"height":1733},{"@type":"BreadcrumbList","@id":"https:\/\/solobrasileiro.com\/serralheria\/grades-janela\/fotos-de-grades\/#breadcrumb","itemListElement":[{"@type":"ListItem","position":1,"name":"In\u00edcio","item":"https:\/\/solobrasileiro.com\/serralheria\/grades-janela\/"},{"@type":"ListItem","position":2,"name":"Fotos de Grades Produzidas pela Serralheria Solo Brasileiro"}]},{"@type":"WebSite","@id":"https:\/\/solobrasileiro.com\/serralheria\/grades-janela\/#website","url":"https:\/\/solobrasileiro.com\/serralheria\/grades-janela\/","name":"GRADES PARA JANELA","description":"","publisher":{"@id":"https:\/\/solobrasileiro.com\/serralheria\/grades-janela\/#organization"},"alternateName":"Serralheria Solo Brasileiro","potentialAction":[{"@type":"SearchAction","target":{"@type":"EntryPoint","urlTemplate":"https:\/\/solobrasileiro.com\/serralheria\/grades-janela\/?s={search_term_string}"},"query-input":{"@type":"PropertyValueSpecification","valueRequired":true,"valueName":"search_term_string"}}],"inLanguage":"pt-BR"},{"@type":"Organization","@id":"https:\/\/solobrasileiro.com\/serralheria\/grades-janela\/#organization","name":"Serralheria Solo Brasileiro","alternateName":"Serralheria Solo Brasileiro","url":"https:\/\/solobrasileiro.com\/serralheria\/grades-janela\/","logo":{"@type":"ImageObject","inLanguage":"pt-BR","@id":"https:\/\/solobrasileiro.com\/serralheria\/grades-janela\/#\/schema\/logo\/image\/","url":"","contentUrl":"","caption":"Serralheria Solo Brasileiro"},"image":{"@id":"https:\/\/solobrasileiro.com\/serralheria\/grades-janela\/#\/schema\/logo\/image\/"},"sameAs":["https:\/\/youtube.com\/solobrasileiro"]}]}},"_links":{"self":[{"href":"https:\/\/solobrasileiro.com\/serralheria\/grades-janela\/wp-json\/wp\/v2\/pages\/84590","targetHints":{"allow":["GET"]}}],"collection":[{"href":"https:\/\/solobrasileiro.com\/serralheria\/grades-janela\/wp-json\/wp\/v2\/pages"}],"about":[{"href":"https:\/\/solobrasileiro.com\/serralheria\/grades-janela\/wp-json\/wp\/v2\/types\/page"}],"author":[{"embeddable":true,"href":"https:\/\/solobrasileiro.com\/serralheria\/grades-janela\/wp-json\/wp\/v2\/users\/1"}],"replies":[{"embeddable":true,"href":"https:\/\/solobrasileiro.com\/serralheria\/grades-janela\/wp-json\/wp\/v2\/comments?post=84590"}],"version-history":[{"count":5,"href":"https:\/\/solobrasileiro.com\/serralheria\/grades-janela\/wp-json\/wp\/v2\/pages\/84590\/revisions"}],"predecessor-version":[{"id":90133,"href":"https:\/\/solobrasileiro.com\/serralheria\/grades-janela\/wp-json\/wp\/v2\/pages\/84590\/revisions\/90133"}],"wp:attachment":[{"href":"https:\/\/solobrasileiro.com\/serralheria\/grades-janela\/wp-json\/wp\/v2\/media?parent=84590"}],"curies":[{"name":"wp","href":"https:\/\/api.w.org\/{rel}","templated":true}]}}