{"id":581,"date":"2020-10-14T22:55:59","date_gmt":"2020-10-15T01:55:59","guid":{"rendered":"https:\/\/solobrasileiro.com\/containers\/?page_id=125"},"modified":"2020-10-14T22:55:59","modified_gmt":"2020-10-15T01:55:59","slug":"container-guarita-simples","status":"publish","type":"page","link":"https:\/\/solobrasileiro.com\/containers\/container-guarita-simples\/","title":{"rendered":"CONTAINER GUARITA SIMPLES"},"content":{"rendered":"\n<figure class=\"wp-block-image size-large\"><img decoding=\"async\" src=\"https:\/\/solobrasileiro.com\/containers\/wp-content\/uploads\/2020\/10\/CONTAINER-GUARITA-SIMPLES-9-1170x730.jpg\" alt=\"CONTAINER GUARITA SIMPLES\" class=\"wp-image-127\"\/><\/figure>\n\n\n\n<h2 class=\"wp-block-heading\"><a rel=\"noreferrer noopener\" href=\"https:\/\/solobrasileiro.com\/containers\/container-guarita-simples\/\" target=\"_blank\">CONTAINER GUARITA VENDA E LOCA\u00c7\u00c3O<\/a><\/h2>\n\n\n\n<figure class=\"wp-block-embed is-type-video is-provider-youtube wp-block-embed-youtube wp-embed-aspect-16-9 wp-has-aspect-ratio\"><div class=\"wp-block-embed__wrapper\">\n<iframe loading=\"lazy\" title=\"CONTAINER GUARITA PARA CONDOMINIOS,OBRAS,RUAS ETC. TAMBEM SOB ENCOMENDA\" width=\"500\" height=\"281\" src=\"https:\/\/www.youtube.com\/embed\/oCwvXx4hNBE?feature=oembed\" frameborder=\"0\" allow=\"accelerometer; autoplay; clipboard-write; encrypted-media; gyroscope; picture-in-picture; web-share\" referrerpolicy=\"strict-origin-when-cross-origin\" allowfullscreen><\/iframe>\n<\/div><\/figure>\n\n\n\n<p><\/p>\n\n\n\n<p><strong>M\u00d3DULO GUARITA MEDIDAS <\/strong>: 1,50M X 1,50M X 2,50M(COMPRIMENTO X LARGURA X ALTURA)  &#8211;  (DEMAIS MEDIDAS SOB ENCOMENDA).<\/p>\n\n\n\n<p><strong>TELHADO:<\/strong><\/p>\n\n\n\n<p>CALHAS EM PERFIS DOBRADOS EXCLUSIVAMENTE P\/ NOSSOS CONTAINERS SAIDA DE AGUA EM TUBO DE METAL 1 1\/2 POLEGADAS FECHAMENTO DO TETO EM CHAPA TRAPEZOIDAL GALVANIZADA.<\/p>\n\n\n\n<p><strong>COLUNAS<\/strong>:<\/p>\n\n\n\n<p>COLUNAS EM CANTONEIRAS DOBRADAS ESPECIALMENTE P\/ NOSSOS CONTAINERS COM PAREDE DE 1,5MM TRAVESSAS LATERAIS EM PERFIS DE METAL 30X50 FECHAMENTO LATERAL EM CHAPA TRAPEZOIDAL GALVANIZADA.<\/p>\n\n\n\n<p><strong>PISO:<\/strong><\/p>\n\n\n\n<p>VIGAS DE MADEIRA MEDINDO 6M X 0,5CM X 0,16CM (COMPRIMENTO X LARGURA X ALTURA) TRAVESSAS DE MADEIRA 50X50 APOIADAS NAS VIGAS DE MADEIRA PISO EM COMPENSADO NAVAL DE 18MM A 25MM DE ESPESSURA FIXADO NAS TRAVESSAS DE MADEIRA <\/p>\n\n\n\n<p><strong>ESQUADRIAS:<\/strong><\/p>\n\n\n\n<p>PORTA DE ENTRADA MEDINDO 2,10M X 0,80 (ALTURA X LARGURA) <\/p>\n\n\n\n<p>TR\u00caS JANELAS MEDINDO 1,00M X 1,00M (ALTURA X LARGURA) <\/p>\n\n\n\n<p><strong>EL\u00c9TRICA:<\/strong> <\/p>\n\n\n\n<p>PR\u00c9 INSTALADA<\/p>\n\n\n\n<div class=\"wp-block-buttons is-content-justification-center is-layout-flex wp-block-buttons-is-layout-flex\">\n<div class=\"wp-block-button\"><a class=\"wp-block-button__link has-white-color has-luminous-vivid-amber-background-color has-text-color has-background\" href=\"https:\/\/solobrasileiro.com\/contato.html\" style=\"border-radius:2px\" target=\"_blank\" rel=\"noreferrer noopener\">SOLICITE OR\u00c7AMENTO<\/a><\/div>\n\n\n\n<div class=\"wp-block-button is-style-outline is-style-outline--1\"><a class=\"wp-block-button__link has-black-color has-white-background-color has-text-color has-background\" href=\"https:\/\/solobrasileiro.com\/contato.html\" style=\"border-radius:2px\" target=\"_blank\" rel=\"noreferrer noopener\">ENTRE EM CONTATO<\/a><\/div>\n<\/div>\n\n\n\n<p><\/p>\n","protected":false},"excerpt":{"rendered":"<p>CONTAINER GUARITA VENDA E LOCA\u00c7\u00c3O M\u00d3DULO GUARITA MEDIDAS : 1,50M X 1,50M X 2,50M(COMPRIMENTO X LARGURA X ALTURA) &#8211; (DEMAIS MEDIDAS SOB ENCOMENDA). TELHADO: CALHAS EM PERFIS DOBRADOS EXCLUSIVAMENTE P\/ NOSSOS CONTAINERS SAIDA DE AGUA EM TUBO DE METAL 1 1\/2 POLEGADAS FECHAMENTO DO TETO EM CHAPA TRAPEZOIDAL GALVANIZADA. COLUNAS: COLUNAS EM CANTONEIRAS DOBRADAS ESPECIALMENTE [&hellip;]<\/p>\n","protected":false},"author":1,"featured_media":3939,"parent":0,"menu_order":0,"comment_status":"closed","ping_status":"closed","template":"","meta":{"footnotes":""},"class_list":["post-581","page","type-page","status-publish","has-post-thumbnail","hentry"],"yoast_head":"<!-- This site is optimized with the Yoast SEO plugin v25.6 - https:\/\/yoast.com\/wordpress\/plugins\/seo\/ -->\n<title>CONTAINER GUARITA SIMPLES - CONTAINERS | SOLO BRASILEIRO \u2600\ufe0f<\/title>\n<meta name=\"description\" content=\"CONTAINER GUARITA SIMPLES FABRICA\u00c7\u00c3O,VENDA E LOCA\u00c7\u00c3O - SOLICITE OR\u00c7AMENTO CONTAINERS | SOLO BRASILEIRO \u2600\ufe0f\" \/>\n<meta name=\"robots\" content=\"index, follow, max-snippet:-1, max-image-preview:large, max-video-preview:-1\" \/>\n<link rel=\"canonical\" href=\"https:\/\/solobrasileiro.com\/containers\/container-guarita-simples\/\" \/>\n<meta property=\"og:locale\" content=\"pt_BR\" \/>\n<meta property=\"og:type\" content=\"article\" \/>\n<meta property=\"og:title\" content=\"CONTAINER GUARITA SIMPLES - CONTAINERS | SOLO BRASILEIRO \u2600\ufe0f\" \/>\n<meta property=\"og:description\" content=\"CONTAINER GUARITA SIMPLES FABRICA\u00c7\u00c3O,VENDA E LOCA\u00c7\u00c3O - SOLICITE OR\u00c7AMENTO CONTAINERS | SOLO BRASILEIRO \u2600\ufe0f\" \/>\n<meta property=\"og:url\" content=\"https:\/\/solobrasileiro.com\/containers\/container-guarita-simples\/\" \/>\n<meta property=\"og:site_name\" content=\"CONTAINERS | SOLO BRASILEIRO \u2600\ufe0f\" \/>\n<meta property=\"og:image\" content=\"https:\/\/solobrasileiro.com\/containers\/wp-content\/uploads\/2021\/07\/VENDA-E-LOCACAO-DE-CONTAINERS.jpg\" \/>\n\t<meta property=\"og:image:width\" content=\"1197\" \/>\n\t<meta property=\"og:image:height\" content=\"538\" \/>\n\t<meta property=\"og:image:type\" content=\"image\/jpeg\" \/>\n<meta name=\"twitter:card\" content=\"summary_large_image\" \/>\n<meta name=\"twitter:label1\" content=\"Est. tempo de leitura\" \/>\n\t<meta name=\"twitter:data1\" content=\"1 minuto\" \/>\n<script type=\"application\/ld+json\" class=\"yoast-schema-graph\">{\"@context\":\"https:\/\/schema.org\",\"@graph\":[{\"@type\":\"WebPage\",\"@id\":\"https:\/\/solobrasileiro.com\/containers\/container-guarita-simples\/\",\"url\":\"https:\/\/solobrasileiro.com\/containers\/container-guarita-simples\/\",\"name\":\"CONTAINER GUARITA SIMPLES - CONTAINERS | SOLO BRASILEIRO \u2600\ufe0f\",\"isPartOf\":{\"@id\":\"https:\/\/solobrasileiro.com\/containers\/#website\"},\"primaryImageOfPage\":{\"@id\":\"https:\/\/solobrasileiro.com\/containers\/container-guarita-simples\/#primaryimage\"},\"image\":{\"@id\":\"https:\/\/solobrasileiro.com\/containers\/container-guarita-simples\/#primaryimage\"},\"thumbnailUrl\":\"https:\/\/solobrasileiro.com\/containers\/wp-content\/uploads\/2021\/07\/VENDA-E-LOCACAO-DE-CONTAINERS.jpg\",\"datePublished\":\"2020-10-15T01:55:59+00:00\",\"description\":\"CONTAINER GUARITA SIMPLES FABRICA\u00c7\u00c3O,VENDA E LOCA\u00c7\u00c3O - SOLICITE OR\u00c7AMENTO CONTAINERS | SOLO BRASILEIRO \u2600\ufe0f\",\"breadcrumb\":{\"@id\":\"https:\/\/solobrasileiro.com\/containers\/container-guarita-simples\/#breadcrumb\"},\"inLanguage\":\"pt-BR\",\"potentialAction\":[{\"@type\":\"ReadAction\",\"target\":[\"https:\/\/solobrasileiro.com\/containers\/container-guarita-simples\/\"]}]},{\"@type\":\"ImageObject\",\"inLanguage\":\"pt-BR\",\"@id\":\"https:\/\/solobrasileiro.com\/containers\/container-guarita-simples\/#primaryimage\",\"url\":\"https:\/\/solobrasileiro.com\/containers\/wp-content\/uploads\/2021\/07\/VENDA-E-LOCACAO-DE-CONTAINERS.jpg\",\"contentUrl\":\"https:\/\/solobrasileiro.com\/containers\/wp-content\/uploads\/2021\/07\/VENDA-E-LOCACAO-DE-CONTAINERS.jpg\",\"width\":1197,\"height\":538},{\"@type\":\"BreadcrumbList\",\"@id\":\"https:\/\/solobrasileiro.com\/containers\/container-guarita-simples\/#breadcrumb\",\"itemListElement\":[{\"@type\":\"ListItem\",\"position\":1,\"name\":\"In\u00edcio\",\"item\":\"https:\/\/solobrasileiro.com\/containers\/\"},{\"@type\":\"ListItem\",\"position\":2,\"name\":\"CONTAINER GUARITA SIMPLES\"}]},{\"@type\":\"WebSite\",\"@id\":\"https:\/\/solobrasileiro.com\/containers\/#website\",\"url\":\"https:\/\/solobrasileiro.com\/containers\/\",\"name\":\"CONTAINERS | SOLO BRASILEIRO \u2600\ufe0f\",\"description\":\"\",\"publisher\":{\"@id\":\"https:\/\/solobrasileiro.com\/containers\/#organization\"},\"potentialAction\":[{\"@type\":\"SearchAction\",\"target\":{\"@type\":\"EntryPoint\",\"urlTemplate\":\"https:\/\/solobrasileiro.com\/containers\/?s={search_term_string}\"},\"query-input\":{\"@type\":\"PropertyValueSpecification\",\"valueRequired\":true,\"valueName\":\"search_term_string\"}}],\"inLanguage\":\"pt-BR\"},{\"@type\":\"Organization\",\"@id\":\"https:\/\/solobrasileiro.com\/containers\/#organization\",\"name\":\"CONTAINERS | SOLO BRASILEIRO \u2600\ufe0f\",\"url\":\"https:\/\/solobrasileiro.com\/containers\/\",\"logo\":{\"@type\":\"ImageObject\",\"inLanguage\":\"pt-BR\",\"@id\":\"https:\/\/solobrasileiro.com\/containers\/#\/schema\/logo\/image\/\",\"url\":\"https:\/\/solobrasileiro.com\/containers\/wp-content\/uploads\/2021\/07\/serralheria-solo-brasileiro.png\",\"contentUrl\":\"https:\/\/solobrasileiro.com\/containers\/wp-content\/uploads\/2021\/07\/serralheria-solo-brasileiro.png\",\"width\":691,\"height\":221,\"caption\":\"CONTAINERS | SOLO BRASILEIRO \u2600\ufe0f\"},\"image\":{\"@id\":\"https:\/\/solobrasileiro.com\/containers\/#\/schema\/logo\/image\/\"}}]}<\/script>\n<!-- \/ Yoast SEO plugin. -->","yoast_head_json":{"title":"CONTAINER GUARITA SIMPLES - CONTAINERS | SOLO BRASILEIRO \u2600\ufe0f","description":"CONTAINER GUARITA SIMPLES FABRICA\u00c7\u00c3O,VENDA E LOCA\u00c7\u00c3O - SOLICITE OR\u00c7AMENTO CONTAINERS | SOLO BRASILEIRO \u2600\ufe0f","robots":{"index":"index","follow":"follow","max-snippet":"max-snippet:-1","max-image-preview":"max-image-preview:large","max-video-preview":"max-video-preview:-1"},"canonical":"https:\/\/solobrasileiro.com\/containers\/container-guarita-simples\/","og_locale":"pt_BR","og_type":"article","og_title":"CONTAINER GUARITA SIMPLES - CONTAINERS | SOLO BRASILEIRO \u2600\ufe0f","og_description":"CONTAINER GUARITA SIMPLES FABRICA\u00c7\u00c3O,VENDA E LOCA\u00c7\u00c3O - SOLICITE OR\u00c7AMENTO CONTAINERS | SOLO BRASILEIRO \u2600\ufe0f","og_url":"https:\/\/solobrasileiro.com\/containers\/container-guarita-simples\/","og_site_name":"CONTAINERS | SOLO BRASILEIRO \u2600\ufe0f","og_image":[{"width":1197,"height":538,"url":"https:\/\/solobrasileiro.com\/containers\/wp-content\/uploads\/2021\/07\/VENDA-E-LOCACAO-DE-CONTAINERS.jpg","type":"image\/jpeg"}],"twitter_card":"summary_large_image","twitter_misc":{"Est. tempo de leitura":"1 minuto"},"schema":{"@context":"https:\/\/schema.org","@graph":[{"@type":"WebPage","@id":"https:\/\/solobrasileiro.com\/containers\/container-guarita-simples\/","url":"https:\/\/solobrasileiro.com\/containers\/container-guarita-simples\/","name":"CONTAINER GUARITA SIMPLES - CONTAINERS | SOLO BRASILEIRO \u2600\ufe0f","isPartOf":{"@id":"https:\/\/solobrasileiro.com\/containers\/#website"},"primaryImageOfPage":{"@id":"https:\/\/solobrasileiro.com\/containers\/container-guarita-simples\/#primaryimage"},"image":{"@id":"https:\/\/solobrasileiro.com\/containers\/container-guarita-simples\/#primaryimage"},"thumbnailUrl":"https:\/\/solobrasileiro.com\/containers\/wp-content\/uploads\/2021\/07\/VENDA-E-LOCACAO-DE-CONTAINERS.jpg","datePublished":"2020-10-15T01:55:59+00:00","description":"CONTAINER GUARITA SIMPLES FABRICA\u00c7\u00c3O,VENDA E LOCA\u00c7\u00c3O - SOLICITE OR\u00c7AMENTO CONTAINERS | SOLO BRASILEIRO \u2600\ufe0f","breadcrumb":{"@id":"https:\/\/solobrasileiro.com\/containers\/container-guarita-simples\/#breadcrumb"},"inLanguage":"pt-BR","potentialAction":[{"@type":"ReadAction","target":["https:\/\/solobrasileiro.com\/containers\/container-guarita-simples\/"]}]},{"@type":"ImageObject","inLanguage":"pt-BR","@id":"https:\/\/solobrasileiro.com\/containers\/container-guarita-simples\/#primaryimage","url":"https:\/\/solobrasileiro.com\/containers\/wp-content\/uploads\/2021\/07\/VENDA-E-LOCACAO-DE-CONTAINERS.jpg","contentUrl":"https:\/\/solobrasileiro.com\/containers\/wp-content\/uploads\/2021\/07\/VENDA-E-LOCACAO-DE-CONTAINERS.jpg","width":1197,"height":538},{"@type":"BreadcrumbList","@id":"https:\/\/solobrasileiro.com\/containers\/container-guarita-simples\/#breadcrumb","itemListElement":[{"@type":"ListItem","position":1,"name":"In\u00edcio","item":"https:\/\/solobrasileiro.com\/containers\/"},{"@type":"ListItem","position":2,"name":"CONTAINER GUARITA SIMPLES"}]},{"@type":"WebSite","@id":"https:\/\/solobrasileiro.com\/containers\/#website","url":"https:\/\/solobrasileiro.com\/containers\/","name":"CONTAINERS | SOLO BRASILEIRO \u2600\ufe0f","description":"","publisher":{"@id":"https:\/\/solobrasileiro.com\/containers\/#organization"},"potentialAction":[{"@type":"SearchAction","target":{"@type":"EntryPoint","urlTemplate":"https:\/\/solobrasileiro.com\/containers\/?s={search_term_string}"},"query-input":{"@type":"PropertyValueSpecification","valueRequired":true,"valueName":"search_term_string"}}],"inLanguage":"pt-BR"},{"@type":"Organization","@id":"https:\/\/solobrasileiro.com\/containers\/#organization","name":"CONTAINERS | SOLO BRASILEIRO \u2600\ufe0f","url":"https:\/\/solobrasileiro.com\/containers\/","logo":{"@type":"ImageObject","inLanguage":"pt-BR","@id":"https:\/\/solobrasileiro.com\/containers\/#\/schema\/logo\/image\/","url":"https:\/\/solobrasileiro.com\/containers\/wp-content\/uploads\/2021\/07\/serralheria-solo-brasileiro.png","contentUrl":"https:\/\/solobrasileiro.com\/containers\/wp-content\/uploads\/2021\/07\/serralheria-solo-brasileiro.png","width":691,"height":221,"caption":"CONTAINERS | SOLO BRASILEIRO \u2600\ufe0f"},"image":{"@id":"https:\/\/solobrasileiro.com\/containers\/#\/schema\/logo\/image\/"}}]}},"_links":{"self":[{"href":"https:\/\/solobrasileiro.com\/containers\/wp-json\/wp\/v2\/pages\/581","targetHints":{"allow":["GET"]}}],"collection":[{"href":"https:\/\/solobrasileiro.com\/containers\/wp-json\/wp\/v2\/pages"}],"about":[{"href":"https:\/\/solobrasileiro.com\/containers\/wp-json\/wp\/v2\/types\/page"}],"author":[{"embeddable":true,"href":"https:\/\/solobrasileiro.com\/containers\/wp-json\/wp\/v2\/users\/1"}],"replies":[{"embeddable":true,"href":"https:\/\/solobrasileiro.com\/containers\/wp-json\/wp\/v2\/comments?post=581"}],"version-history":[{"count":0,"href":"https:\/\/solobrasileiro.com\/containers\/wp-json\/wp\/v2\/pages\/581\/revisions"}],"wp:featuredmedia":[{"embeddable":true,"href":"https:\/\/solobrasileiro.com\/containers\/wp-json\/wp\/v2\/media\/3939"}],"wp:attachment":[{"href":"https:\/\/solobrasileiro.com\/containers\/wp-json\/wp\/v2\/media?parent=581"}],"curies":[{"name":"wp","href":"https:\/\/api.w.org\/{rel}","templated":true}]}}